{"id":11,"date":"2007-04-30T19:50:05","date_gmt":"2007-04-30T22:50:05","guid":{"rendered":"http:\/\/127.0.0.1:8080\/wordpress\/about\/"},"modified":"2007-04-30T19:50:05","modified_gmt":"2007-04-30T22:50:05","slug":"about","status":"publish","type":"page","link":"http:\/\/brasilpassoapasso.com.br\/?page_id=11","title":{"rendered":"O Projeto"},"content":{"rendered":"<style type=\"text\/css\">\n<!--\n.style1 {font-family: \"Trebuchet MS\", \"Lucida Grande\", Verdana, Arial, sans-serif}\n.style2 {font-family: \"Trebuchet MS\", \"Lucida Grande\", Verdana, Arial, sans-serif; font-weight: bold; }\n.style4 {\n\tfont-family: \"Trebuchet MS\", \"Lucida Grande\", Verdana, Arial, sans-serif;\n\tfont-size: 12px;\n}\n-->\n<\/style>\n<p><\/head><\/p>\n<p><body><\/p>\n<div align=\"center\"><a href=\"http:\/\/www.brasilpassoapasso.com.br\"><img loading=\"lazy\" src=\"http:\/\/www.brasilpassoapasso.com.br\/images\/brasil_passo.jpg\" width=\"70\" height=\"70\" alt=\"Brasil Passo a Passo\" \/><\/a>&nbsp;<a href=\"http:\/\/www.cea.com.br\" target=\"_blank\"><img loading=\"lazy\" src=\"http:\/\/www.brasilpassoapasso.com.br\/images\/cea.jpg\" alt=\"C&amp;A Modas\" width=\"70\" height=\"51\" vspace=\"12\" \/> <\/a><a href=\"http:\/\/www.nokia.com.br\" target=\"_blank\"> <img loading=\"lazy\" src=\"http:\/\/www.brasilpassoapasso.com.br\/images\/\/nokia.jpg\" alt=\"Nokia\" width=\"70\" height=\"25\" vspace=\"25\" \/><\/a>&nbsp;<img loading=\"lazy\" src=\"http:\/\/www.brasilpassoapasso.com.br\/images\/\/cea_celular.jpg\" alt=\"C&amp;A Celular\" width=\"70\" height=\"55\" vspace=\"7\" \/>&nbsp;<a href=\"http:\/\/www.abih.com.br\" target=\"_blank\"><img loading=\"lazy\" src=\"http:\/\/www.brasilpassoapasso.com.br\/images\/abih.jpg\" alt=\"ABiH\" width=\"105\" height=\"39\" vspace=\"20\" \/><\/a><a href=\"http:\/\/www.tokiomarine.com.br\" target=\"_blank\"><img loading=\"lazy\" src=\"http:\/\/www.brasilpassoapasso.com.br\/images\/tokio.jpg\" alt=\"Tokio Marine\" width=\"91\" height=\"23\" vspace=\"30\" \/><\/a><\/div>\n<p align=\"center\"><span class=\"style2\"><img loading=\"lazy\" src=\"http:\/\/www.brasilpassoapasso.com.br\/images\/images_blog\/Arroio_Chui.jpg\" width=\"360\" height=\"240\" alt=\"Arroio Chui - 1996\" \/><br \/>\n<\/span><span class=\"style4\">Arroio Chui &#8211; 1997<\/span><\/p>\n<p align=\"center\" class=\"style2\">Brasil Passo a Passo pesquisa impacto s\u00f3cio-ambiental no        litoral brasileiro<\/p>\n<p align=\"justify\" class=\"style1\">A equipe BRASIL PASSO A PASSO est\u00e1 percorrendo os oito mil kil\u00f4metros do litoral brasileiro para analisar os efeitos da a\u00e7\u00e3o do homem sobre os seus v\u00e1rios ecossistemas. A equipe documenta por meio de textos, fotos e v\u00eddeos, tanto as interven\u00e7\u00f5es negativas como tamb\u00e9m as positivas nas zonas costeiras.  A expedi\u00e7\u00e3o, que j\u00e1 fez o mesmo roteiro h\u00e1 10 anos atr\u00e1s, partiu dia 10 de junho de 2007 do munic\u00edpio do Oiapoque (AP) e pretende concluir a expedi\u00e7\u00e3o dia 20 de dezembro de 2007 no munic\u00edpio do Chu\u00ed (RS). <\/p>\n<p align=\"justify\" class=\"style1\">Para fazer esta pesquisa, o grupo conta com a participa\u00e7\u00e3o do ge\u00f3grafo S\u00e9rgio Rondelli, do fot\u00f3grafo Can\u00e1rio Caliari e do cinegrafista Mauricio Galdieri, que est\u00e3o munidos de aparelhos com tecnologia GPS, ve\u00edculo 4X4, celulares, laptops, r\u00e1dio transmissores e c\u00e2meras de v\u00eddeo e fotografia digitais. \u201cQuando fizemos esta viagem em 1997, n\u00e3o disp\u00fanhamos deste aparato tecnol\u00f3gico. Agora poderemos mapear com mais precis\u00e3o as comunidades litor\u00e2neas e o risco ambiental que elas sofrem\u201d afirma S\u00e9rgio Rondelli.<\/p>\n<p align=\"justify\" class=\"style1\">Ao longo do percurso, a equipe alimentar\u00e1 com informa\u00e7\u00f5es (textos, fotos e entrevistas em v\u00eddeo) um site especialmente criado para os brasileiros acompanharem em tempo real a expedi\u00e7\u00e3o. O <a href=\"http:\/\/www.brasilpassoapasso.com.br\">www.brasilpassoapasso.com.br<\/a> ter\u00e1 um conte\u00fado especial de cada regi\u00e3o pesquisada, baseados principalmente nas entrevistas com l\u00edderes comunit\u00e1rios, ambientalistas, pol\u00edticos, religiosos, t\u00e9cnicos, militares da marinha, artistas, empres\u00e1rios e esportistas sobre o ambiente litor\u00e2neo, a\u00e7\u00f5es positivas e negativas, e sua rela\u00e7\u00e3o com uma pr\u00e1tica mais consciente. <\/p>\n<p align=\"justify\" class=\"style1\"><strong>Contatos:<\/strong><\/p>\n<p align=\"justify\" class=\"style1\">\n  <em>&#8211; S\u00e9rgio Rondelli<\/em><br \/>\n  fone: 27-9981-0072<br \/>\n  email: <a href=\"mailto:sergio@brasilpassoapasso.com.br\">sergio@brasilpassoapasso.com.br<\/a><\/p>\n<p align=\"justify\" class=\"style1\"><em>&#8211; Can\u00e1rio Caliari<\/em><br \/>\n  fone: 81-9607-1237<br \/>\n  email: <a href=\"mailto:canario@brasilpassoapasso.com.br\">canario@brasilpassoapasso.com.br<\/a><\/p>\n<p align=\"justify\" class=\"style1\"><em>&#8211; Mauricio Galdieri<\/em><br \/>\n  fone: 11-8122-3727<br \/>\n  email: <a href=\"mailto:mauricio@brasilpassoapasso.com.br\">mauricio@brasilpassoapasso.com.br<\/a><\/p>\n<p><\/body><\/p>\n","protected":false},"excerpt":{"rendered":"<p>&nbsp; &nbsp;&nbsp; Arroio Chui &#8211; 1997 Brasil Passo a Passo pesquisa impacto s\u00f3cio-ambiental no litoral brasileiro A equipe BRASIL PASSO A PASSO est\u00e1 percorrendo os oito mil kil\u00f4metros do litoral brasileiro para analisar os efeitos da a\u00e7\u00e3o do homem sobre os seus v\u00e1rios ecossistemas. A equipe documenta por meio de textos, fotos e v\u00eddeos, tanto [&hellip;]<\/p>\n","protected":false},"author":1,"featured_media":0,"parent":0,"menu_order":0,"comment_status":"open","ping_status":"open","template":"","meta":[],"_links":{"self":[{"href":"http:\/\/brasilpassoapasso.com.br\/index.php?rest_route=\/wp\/v2\/pages\/11"}],"collection":[{"href":"http:\/\/brasilpassoapasso.com.br\/index.php?rest_route=\/wp\/v2\/pages"}],"about":[{"href":"http:\/\/brasilpassoapasso.com.br\/index.php?rest_route=\/wp\/v2\/types\/page"}],"author":[{"embeddable":true,"href":"http:\/\/brasilpassoapasso.com.br\/index.php?rest_route=\/wp\/v2\/users\/1"}],"replies":[{"embeddable":true,"href":"http:\/\/brasilpassoapasso.com.br\/index.php?rest_route=%2Fwp%2Fv2%2Fcomments&post=11"}],"version-history":[{"count":0,"href":"http:\/\/brasilpassoapasso.com.br\/index.php?rest_route=\/wp\/v2\/pages\/11\/revisions"}],"wp:attachment":[{"href":"http:\/\/brasilpassoapasso.com.br\/index.php?rest_route=%2Fwp%2Fv2%2Fmedia&parent=11"}],"curies":[{"name":"wp","href":"https:\/\/api.w.org\/{rel}","templated":true}]}}